{"id":3,"date":"2015-12-25T05:22:29","date_gmt":"2015-12-25T05:22:29","guid":{"rendered":"http:\/\/www.universal-music.co.jp\/the-philharmonics\/biography\/"},"modified":"2020-09-25T16:33:59","modified_gmt":"2020-09-25T07:33:59","slug":"biography","status":"publish","type":"page","link":"https:\/\/www.universal-music.co.jp\/the-philharmonics\/biography\/","title":{"rendered":"BIOGRAPHY"},"content":{"rendered":"<h2 align=\"center\">\u30d5\u30a3\u30eb\u30cf\u30fc\u30e2\u30cb\u30af\u30b9 \/ PHILHARMONIX<\/h2>\n<hr \/>\n<p><strong style=\"font-size:1.1em;\">\u30d5\u30a3\u30eb\u30cf\u30fc\u30e2\u30cb\u30af\u30b9\u306f\u3001\u97f3\u697d\u306e\u559c\u3073\u304c\u3059\u3079\u3066\u3067\u3059\u3002<br \/>\n\u5f7c\u3089\u81ea\u8eab\u306b\u3068\u3063\u3066\u3082\u3001\u305d\u3057\u3066\u8074\u8846\u306e\u7686\u69d8\u306b\u3068\u3063\u3066\u3082<\/strong><\/p>\n<p>\u5f7c\u3089\u304c\u8d85\u7d76\u6280\u5de7\u3092\u99c6\u4f7f\u3057\u305f\u97f3\u697d\u3092\u594f\u3067\u308b\u6642\u3001\u6700\u3082\u697d\u3057\u3093\u3067\u3044\u308b\u306e\u306f\u3001\u3044\u3063\u305f\u3044\u8ab0\u3067\u3057\u3087\u3046\u304b\u3002<br \/>\n\u30aa\u30fc\u30b1\u30b9\u30c8\u30e9\u306e\u30bb\u30c3\u30c8\u30ea\u30b9\u30c8\u306b\u306f\u901a\u5e38\u542b\u307e\u308c\u306a\u3044\u66f2\u3092\u6f14\u594f\u3059\u308b\u4e16\u754c\u6700\u9ad8\u5cf0\u306e\u6f14\u594f\u5bb6\u305f\u3061\u3001\u3042\u308b\u3044\u306f\u3001\u5f7c\u3089\u306e\u6f14\u594f\u6280\u8853\u3068\u60c5\u71b1\u306b\u9154\u3044\u3057\u308c\u308b\u89b3\u5ba2\u3067\u3057\u3087\u3046\u304b\u3002<br \/>\n\u8074\u8846\u3092\u60f9\u304d\u3064\u3051\u308b\u305d\u306e\u60c5\u71b1\u3053\u305d\u3001\u30a6\u30a3\u30fc\u30f3\u30fb\u30d5\u30a3\u30eb\u3001\u30d9\u30eb\u30ea\u30f3\u30fb\u30d5\u30a3\u30eb\u306e\u7cbe\u92ed\u9054\u304c\u30d5\u30a3\u30eb\u30cf\u30fc\u30e2\u30cb\u30af\u30b9\u3092\u7d50\u6210\u3057\u305f\u7406\u7531\u3067\u3059\u3002<br \/>\n\u5f7c\u3089\u3092\u7d50\u3073\u4ed8\u3051\u3066\u3044\u308b\u3082\u306e\u3001\u305d\u308c\u306f\u30af\u30e9\u30b7\u30c3\u30af\u97f3\u697d\u306b\u5bfe\u3059\u308b\u7d14\u7c8b\u306a\u611b\u3002<br \/>\n\u3057\u304b\u3057\u3001\u4e16\u754c\u7684\u306b\u540d\u306e\u77e5\u308c\u305f7\u4eba\u306e\u97f3\u697d\u5bb6\u305f\u3061\u304c\u3064\u304f\u308a\u4e0a\u3052\u305f\u306e\u306f\u3001\u305d\u308c\u3092\u306f\u308b\u304b\u306b\u8d85\u3048\u308b\u30d7\u30ed\u30b0\u30e9\u30e0\u3067\u3059\u3002<br \/>\n\u30b8\u30e3\u30ba\u3084\u30e9\u30c6\u30f3\u97f3\u697d\u3001\u30e6\u30c0\u30e4\u306e\u6c11\u65cf\u97f3\u697d\u3001\u30cf\u30ea\u30a6\u30c3\u30c9\u306e\u30e1\u30ed\u30c7\u30a3\u30fc\u3084\u30dd\u30c3\u30d7\u30b9\u307e\u3067\u3001\u3055\u307e\u3056\u307e\u306a\u97f3\u697d\u3092\u624d\u6c17\u6ea2\u308c\u308b\u65b0\u305f\u306a\u89e3\u91c8\u3067\u8074\u304b\u305b\u3066\u304f\u308c\u307e\u3059\u3002<br \/>\n\u7406\u8ad6\u4e0a\u3067\u306f\u3042\u308a\u3048\u306a\u3044\u3082\u306e\u3092\u5de7\u307f\u306b\u7d44\u307f\u5408\u308f\u305b\u3001\u3059\u3079\u3066\u306e\u66f2\u306b\u304a\u3044\u3066\u65b0\u3057\u3044\u3001\u4eca\u307e\u3067\u8ab0\u3082\u8074\u3044\u305f\u3053\u3068\u304c\u306a\u3044\u97f3\u697d\u3092\u594f\u3067\u308b\u306e\u3067\u3059\u3002<\/p>\n<p>\u30e8\u30cf\u30f3\u30fb\u30b7\u30e5\u30c8\u30e9\u30a6\u30b9\u306e\u300e\u3053\u3046\u3082\u308a\u300f\u5e8f\u66f2\u3067\u306f\u3001\u6700\u521d\u306e\u6570\u5c0f\u7bc0\u3092\u904e\u304e\u305f\u9803\u306b\u300e\u7b2c3\u306e\u7537\u300f\u304c\u3072\u3063\u305d\u308a\u3068\u59ff\u3092\u898b\u305b\u307e\u3059\u3002<br \/>\n\u305d\u3057\u3066\u3001\u30ab\u30df\u30fc\u30e6\u30fb\u30b5\u30f3\uff1d\u30b5\u30fc\u30f3\u30b9\u306e\u300e\u52d5\u7269\u306e\u8b1d\u8089\u796d\u300f\u306e\u300e\u8c61\u300f\u306f\u3001\u30d8\u30f3\u30ea\u30fc\u30fb\u30de\u30f3\u30b7\u30fc\u30cb\u306e\u300e\u5c0f\u8c61\u306e\u884c\u9032\u300f\u3067\u4ef2\u9593\u306e\u8c61\u306b\u51fa\u4f1a\u3044\u307e\u3059\u3002<br \/>\n\u3055\u3089\u306b\u3001\u30d0\u30c3\u30cf\u306e\u300e\u30d7\u30ec\u30ea\u30e5\u30fc\u30c9\u30cf\u9577\u8abf\u300f\u306e\u4f34\u594f\u306b\u306e\u308a\u3001\u30af\u30a4\u30fc\u30f3\u306e\u300e\u30dc\u30d8\u30df\u30a2\u30f3\u30fb\u30e9\u30d7\u30bd\u30c7\u30a3\u300f\u304c\u7a81\u5982\u73fe\u308c\u307e\u3059\u3002<br \/>\n\u30dd\u30c3\u30d7\u30b9\u3067\u3042\u308d\u3046\u304c\u30a6\u30a3\u30fc\u30f3\u306e\u4f1d\u7d71\u7684\u306a\u66f2\u3067\u3042\u308d\u3046\u304c\u3001\u30d7\u30ed\u30b3\u30d5\u30a3\u30a8\u30d5\u3067\u3042\u308d\u3046\u304c\u30c1\u30e3\u30a4\u30b3\u30d5\u30b9\u30ad\u30fc\u3067\u3042\u308d\u3046\u304c\u3001\u30ac\u30fc\u30b7\u30e5\u30a4\u30f3\u3067\u3042\u308d\u3046\u304c\u30d4\u30a2\u30bd\u30e9\u3067\u3042\u308d\u3046\u304c\u3001\u3053\u308c\u307b\u3069\u30a8\u30f3\u30bf\u30fc\u30c6\u30a4\u30e1\u30f3\u30c8\u6027\u306b\u3042\u3075\u308c\u3001\u30a8\u30ad\u30b5\u30a4\u30c6\u30a3\u30f3\u30b0\u3067\u30b9\u30de\u30fc\u30c8\u306a\u30af\u30e9\u30b7\u30c3\u30af\u97f3\u697d\u304c\u3001\u4eca\u307e\u3067\u306b\u3042\u3063\u305f\u3067\u3057\u3087\u3046\u304b\u3002<br \/>\n\u30d5\u30a3\u30eb\u30cf\u30fc\u30e2\u30cb\u30af\u30b9\u304c\u594f\u3067\u308b\u97f3\u697d\u306f\u3001\u5f7c\u3089\u304c\u6240\u5c5e\u3059\u308b\u4e16\u754c\u30c8\u30c3\u30d7\u30af\u30e9\u30b9\u306e\u30aa\u30fc\u30b1\u30b9\u30c8\u30e9\u306b\u606f\u3065\u304f\u3001\u97f3\u306e\u7f8e\u5b66\u3068\u4f1d\u7d71\u306b\u3088\u3063\u3066\u5f62\u3065\u304f\u3089\u308c\u3066\u3044\u307e\u3059\u3002\u30c0\u30cb\u30a8\u30eb\u30fb\u30aa\u30c3\u30c6\u30f3\u30b6\u30de\u30fc\uff08\u30af\u30e9\u30ea\u30cd\u30c3\u30c8\uff09\u3001\u30c6\u30a3\u30ed\u30fb\u30d5\u30a7\u30d2\u30ca\u30fc\uff08\u30f4\u30a3\u30aa\u30e9\uff09\u3001\u30a8\u30fc\u30c7\u30f3\u30fb\u30e9\u30fc\u30c4\uff08\u30b3\u30f3\u30c8\u30e9\u30d0\u30b9\uff09\u306f\u30a6\u30a3\u30fc\u30f3\u30fb\u30d5\u30a3\u30eb\u3001\u305d\u3057\u3066\u30b7\u30e5\u30c6\u30d5\u30a1\u30f3\u30fb\u30b3\u30f3\u30c4\uff08\u30c1\u30a7\u30ed\uff09\u3068\u65b0\u305f\u306b\u8fce\u3048\u5165\u308c\u305f\u30ce\u30a2\u30fb\u30d9\u30f3\u30c7\u30a3\u30c3\u30af\u30b9\uff1d\u30d0\u30eb\u30b0\u30ea\u30fc\uff08\u30f4\u30a1\u30a4\u30aa\u30ea\u30f3\uff09\u306f\u30d9\u30eb\u30ea\u30f3\u30fb\u30d5\u30a3\u30eb\u306e\u6240\u5c5e\u3067\u3059\u3002<br \/>\n\u3055\u3089\u306b\u30bd\u30ea\u30b9\u30c8\u306e\u30af\u30ea\u30b9\u30c8\u30d5\u30fb\u30c8\u30e9\u30af\u30b9\u30e9\u30fc\uff08\u30d4\u30a2\u30ce\uff09\u3068\u3001\u30bb\u30d0\u30b9\u30c6\u30a3\u30a2\u30f3\u30fb\u30ae\u30e5\u30eb\u30c8\u30e9\u30fc\uff08\u30f4\u30a1\u30a4\u30aa\u30ea\u30f3\uff09\u3067\u30d5\u30a3\u30eb\u30cf\u30fc\u30e2\u30cb\u30af\u30b9\u306f\u69cb\u6210\u3055\u308c\u3066\u3044\u307e\u3059\u3002<br \/>\n\u30ae\u30e5\u30eb\u30c8\u30e9\u30fc\u306f\u3001\u65b0\u305f\u306a\u89e3\u91c8\u306b\u3088\u308b\u7de8\u66f2\u306b\u304a\u3044\u3066\u591a\u304f\u306e\u4f5c\u54c1\u3092\u62c5\u5f53\u3057\u3066\u3044\u307e\u3059\u3002<br \/>\n\u3053\u3053\u306b\u96c6\u307e\u3063\u305f\u306e\u306f\u6570\u3005\u306e\u8cde\u3092\u53d7\u8cde\u3057\u3001\u4e00\u6d41\u306e\u30af\u30e9\u30b7\u30c3\u30af\u97f3\u697d\u30b3\u30f3\u30af\u30fc\u30eb\u3092\u7dcf\u306a\u3081\u306b\u3057\u3066\u304d\u305f\u30e1\u30f3\u30d0\u30fc\u3067\u3059\u3002<br \/>\n\u5f7c\u3089\u304c\u30d5\u30a3\u30eb\u30cf\u30fc\u30e2\u30cb\u30af\u30b9\u3068\u3057\u3066\u30b9\u30c6\u30fc\u30b8\u306b\u7acb\u3064\u6642\u3001\u305d\u308c\u306f\u89b3\u5ba2\u306b\u3068\u3063\u3066\u7279\u5225\u306a\u6642\u9593\u3002<br \/>\n\u4eba\u3005\u306f\u4e16\u754c\u6700\u9ad8\u5cf0\u306e\u97f3\u697d\u306b\u9154\u3044\u3057\u308c\u306a\u304c\u3089\u3001\u30a2\u30f3\u30b5\u30f3\u30d6\u30eb\u306e\u30ea\u30ba\u30e0\u306b\u5408\u308f\u305b\u3066\u4f53\u3092\u63fa\u3089\u3057\u3001\u66f2\u306e\u5408\u9593\u306b\u306f\u30a6\u30a3\u30c3\u30c8\u306b\u5bcc\u3093\u3060\u4f1a\u8a71\u306b\u7b11\u307f\u3092\u3053\u307c\u3057\u3001\u559c\u3073\u306b\u58f0\u3092\u3042\u3052\u308b\u3053\u3068\u3055\u3048\u3042\u308a\u307e\u3059\u3002<br \/>\n\u305d\u308c\u306f\u3001\u3081\u3063\u305f\u306b\u898b\u308b\u3053\u3068\u306e\u306a\u3044\u5149\u666f\u3068\u8a00\u3048\u308b\u3067\u3057\u3087\u3046\u3002<\/p>\n<hr \/>\n<p>\uff1cMEMBER\uff1e<\/p>\n<p><strong>\u30ce\u30a2\u30fb\u30d9\u30f3\u30c7\u30a3\u30c3\u30af\u30b9\uff1d\u30d0\u30eb\u30b0\u30ec\u30a4 Noah Bendix-Balgley (\u30f4\u30a1\u30a4\u30aa\u30ea\u30f3, Violin)<\/strong><br \/>\n\u30f4\u30a1\u30a4\u30aa\u30ea\u30f3\u30022014\u5e74\u304b\u3089\u30d9\u30eb\u30ea\u30f3\u30fb\u30d5\u30a3\u30eb\u306e\u7b2c\u4e00\u30b3\u30f3\u30b5\u30fc\u30c8\u30de\u30b9\u30bf\u30fc\u3092\u52d9\u3081\u3001\u30bd\u30ea\u30b9\u30c8\u3001\u5ba4\u5185\u697d\u594f\u8005\u3068\u3057\u3066\u3082\u6d3b\u8e8d\u3059\u308b\u3002 \u30d5\u30a3\u30eb\u30cf\u30fc\u30e2\u30cb\u30af\u30b9\u3067\u306f\u552f\u4e00\u306e\u30a2\u30e1\u30ea\u30ab\u4eba\u3002\u30af\u30ec\u30ba\u30de\u30fc\u97f3\u697d\u306e\u6f14\u594f\u3082\u5f97\u610f\u3068\u3059\u308b\u3002<\/p>\n<p><strong>\u30bb\u30d0\u30b9\u30c1\u30e3\u30f3\u30fb\u30ae\u30e5\u30eb\u30c8\u30e9\u30fc Sebastian G\u00fcrtler (\u30f4\u30a1\u30a4\u30aa\u30ea\u30f3, Violin)<\/strong><br \/>\n\u30f4\u30a1\u30a4\u30aa\u30ea\u30f3\u30022008\u5e74\u307e\u3067\u30a6\u30a3\u30fc\u30f3\u30fb\u30d5\u30a9\u30eb\u30af\u30b9\u30aa\u30fc\u30d1\u30fc\u4ea4\u97ff\u697d\u56e3\u3067\u30b3\u30f3\u30b5\u30fc\u30c8\u30de\u30b9\u30bf\u30fc\u3092\u52d9\u3081\u308b\u3002\u30aa\u30fc\u30b9\u30c8\u30ea\u30a2\u51fa\u8eab\u3067\u66fe\u7956\u6bcd\u306f\u65e5\u672c\u4eba\u3002\u5ba4\u5185\u697d\u306b\u6ce8\u529b\u3057\u3001\u30d5\u30a3\u30eb\u30cf\u30fc\u30e2\u30cb\u30af\u30b9\u3067\u306f\u7a4d\u6975\u7684\u306b\u4f5c\u66f2\u3084\u7de8\u66f2\u306b\u643a\u308f\u308b\u3002<\/p>\n<p><strong>\u30c6\u30a3\u30ed\u30fb\u30d5\u30a7\u30d2\u30ca\u30fc Thilo Fechner (\u30f4\u30a3\u30aa\u30e9, Viola)<\/strong><br \/>\n\u30f4\u30a3\u30aa\u30e9\u3002\u30a6\u30a3\u30fc\u30f3\u30fb\u30d5\u30a3\u30eb\u3001\u30a6\u30a3\u30fc\u30f3\u56fd\u7acb\u6b4c\u5287\u5834\u7ba1\u306e\u30e1\u30f3\u30d0\u30fc\u3067\u3001\u540c\u697d\u56e3\u306e\u30c4\u30a2\u30fc\u30fb\u30de\u30cd\u30b8\u30e3\u30fc\u3082\u52d9\u3081\u308b\u3002\u30d9\u30eb\u30ea\u30f3\u306e\u97f3\u697d\u4e00\u5bb6\u306b\u751f\u307e\u308c\u3001\u30d9\u30eb\u30ea\u30f3\u82b8\u8853\u5927\u5b66\u3068\u30b8\u30e5\u30ea\u30a2\u30fc\u30c9\u97f3\u697d\u9662\u3067\u5b66\u3073\u3001\u30b9\u30a4\u30b9\u30fb\u30ed\u30de\u30f3\u30c9\u7ba1\u5f26\u697d\u56e3\u3001\u30df\u30e5\u30f3\u30d8\u30f3\u30fb\u30d5\u30a3\u30eb\u306b\u3082\u6240\u5c5e\u3057\u305f\u3002<\/p>\n<p><strong>\u30b7\u30e5\u30c6\u30d5\u30a1\u30f3\u30fb\u30b3\u30f3\u30c4 Stephan Koncz (\u30c1\u30a7\u30ed, Violoncello)<\/strong><br \/>\n\u30c1\u30a7\u30ed\u3002\u30d9\u30eb\u30ea\u30f3\u30d5\u30a3\u30eb\u306b\u6240\u5c5e\u3002\u304b\u3064\u3066\u306f\u30a6\u30a3\u30fc\u30f3\u30d5\u30a3\u30eb\u306e\u697d\u56e3\u54e1\u3067\u3082\u3042\u3063\u305f\u3002\u30aa\u30fc\u30b9\u30c8\u30ea\u30a2\u51fa\u8eab\u3002\u30a6\u30a3\u30fc\u30f3\u56fd\u7acb\u97f3\u697d\u5927\u5b66\u5728\u5b66\u4e2d\u306b\u306f\u6307\u63ee\u3084\u4f5c\u66f2\u306b\u3082\u610f\u6b32\u7684\u306b\u53d6\u308a\u7d44\u3093\u3060\u3002\u30d9\u30eb\u30ea\u30f3\u30fb\u30d5\u30a3\u30eb12\u4eba\u306e\u30c1\u30a7\u30ea\u30b9\u30c8\u306e\u30e1\u30f3\u30d0\u30fc\u3067\u3082\u6d3b\u8e8d\u3002<\/p>\n<p><strong>\u30a8\u30fc\u30c7\u30f3\u30fb\u30e9\u30fc\u30c4 \u00d6d\u00f6n R\u00e1cz (\u30b3\u30f3\u30c8\u30e9\u30d0\u30b9, Double bass)<\/strong><br \/>\n\u30b3\u30f3\u30c8\u30e9\u30d0\u30b9\u3002\u30a6\u30a3\u30fc\u30f3\u30fb\u30d5\u30a3\u30eb\u3001\u30a6\u30a3\u30fc\u30f3\u56fd\u7acb\u6b4c\u5287\u5834\u7ba1\u306e\u9996\u5e2d\u594f\u8005\u3002\u30cf\u30f3\u30ac\u30ea\u30fc\u51fa\u8eab\u3002\u6570\u3005\u306e\u53d7\u8cde\u66a6\u3092\u8a87\u308a\u3001\u8d85\u7d76\u6280\u5de7\u306b\u5bcc\u3080\u6f14\u594f\u306f\u4e16\u754c\u3067\u6570\u672c\u306e\u6307\u306b\u5165\u308b\u540d\u30b3\u30f3\u30c8\u30e9\u30d0\u30b9\u594f\u8005\u3068\u8a00\u308f\u308c\u308b\u3002\u30bd\u30ea\u30b9\u30c8\u3068\u3057\u3066\u30d0\u30a4\u30a8\u30eb\u30f3\u653e\u9001\u97ff\u3001\u30d5\u30e9\u30f3\u30c4\u30fb\u30ea\u30b9\u30c8\u5ba4\u5185\u7ba1\u306a\u3069\u3067\u3082\u6f14\u594f\u3002<\/p>\n<p><strong>\u30c0\u30cb\u30a8\u30eb\u30fb\u30aa\u30c3\u30c6\u30f3\u30b6\u30de\u30fc Daniel Ottensamer (\u30af\u30e9\u30ea\u30cd\u30c3\u30c8, Clarinet)<\/strong><br \/>\n\u30af\u30e9\u30ea\u30cd\u30c3\u30c8\u3002\u30a6\u30a3\u30fc\u30f3\u30fb\u30d5\u30a3\u30eb\u306e\u9996\u5e2d\u594f\u8005\u3067\u3001\u30a6\u30a3\u30fc\u30f3\u306e\u30af\u30e9\u30ea\u30cd\u30c3\u30c8\u4e00\u5bb6\u306e\u7d99\u627f\u8005\u3002 \u30bd\u30ea\u30b9\u30c8\u3068\u3057\u3066\u3082\u30ed\u30ea\u30f3\u30fb\u30de\u30bc\u30fc\u30eb\u3001\u30b0\u30b9\u30bf\u30fc\u30dc\u30fb\u30c9\u30a5\u30c0\u30e1\u30eb\u3001\u30a2\u30f3\u30c9\u30ea\u30b9\u30fb\u30cd\u30eb\u30bd\u30f3\u30ba\u3089\u3092\u306f\u3058\u3081\u3001\u8457\u540d\u30aa\u30fc\u30b1\u30b9\u30c8\u30e9\u3068\u5171\u6f14\u3002 <\/p>\n<p><strong>\u30af\u30ea\u30b9\u30c8\u30d5\u30fb\u30c8\u30e9\u30af\u30b9\u30e9\u30fc Christoph Traxler (\u30d4\u30a2\u30ce, Piano)<\/strong><br \/>\n\u30d4\u30a2\u30ce\u3002\u30aa\u30fc\u30b9\u30c8\u30ea\u30a2\u51fa\u8eab\u3002\u6700\u3082\u5c06\u6765\u3092\u671f\u5f85\u3055\u308c\u308b\u82e5\u624b\u30aa\u30fc\u30b9\u30c8\u30ea\u30a2\u4eba\u30d4\u30a2\u30cb\u30b9\u30c8\u306e\u3072\u3068\u308a\u3002\u5ba4\u5185\u697d\u3001\u30bd\u30ea\u30b9\u30c8\u3068\u3057\u3066\u3082\u6d3b\u8e8d\u3059\u308b\u3002<\/p>\n","protected":false},"excerpt":{"rendered":"<p>\u30d5\u30a3\u30eb\u30cf\u30fc\u30e2\u30cb\u30af\u30b9 \/ PHILHARMONIX \u30d5\u30a3\u30eb\u30cf\u30fc\u30e2\u30cb\u30af\u30b9\u306f\u3001\u97f3\u697d\u306e\u559c\u3073\u304c\u3059\u3079\u3066\u3067\u3059\u3002 \u5f7c\u3089\u81ea\u8eab\u306b\u3068\u3063\u3066\u3082\u3001\u305d\u3057\u3066\u8074\u8846\u306e\u7686\u69d8\u306b\u3068\u3063\u3066\u3082 \u5f7c\u3089\u304c\u8d85\u7d76\u6280\u5de7\u3092\u99c6\u4f7f\u3057\u305f\u97f3\u697d\u3092\u594f\u3067\u308b\u6642\u3001\u6700\u3082\u697d\u3057\u3093\u3067\u3044\u308b\u306e\u306f\u3001\u3044\u3063\u305f\u3044\u8ab0\u3067 [&hellip;]<\/p>\n","protected":false},"author":47,"featured_media":69,"parent":0,"menu_order":0,"comment_status":"closed","ping_status":"closed","template":"template-biography.php","meta":{"_acf_changed":false,"footnotes":""},"class_list":["post-3","page","type-page","status-publish","has-post-thumbnail","hentry"],"acf":[],"yoast_head":"<!-- This site is optimized with the Yoast SEO plugin v25.4 - https:\/\/yoast.com\/wordpress\/plugins\/seo\/ -->\n<title>BIOGRAPHY - \u30b6\u30fb\u30d5\u30a3\u30eb\u30cf\u30fc\u30e2\u30cb\u30af\u30b9 | The Philharmonics - UNIVERSAL MUSIC JAPAN<\/title>\n<meta name=\"robots\" content=\"index, follow, max-snippet:-1, max-image-preview:large, max-video-preview:-1\" \/>\n<link rel=\"canonical\" href=\"https:\/\/www.universal-music.co.jp\/the-philharmonics\/biography\/\" \/>\n<meta property=\"og:locale\" content=\"ja_JP\" \/>\n<meta property=\"og:type\" content=\"band\" \/>\n<meta property=\"og:title\" content=\"BIOGRAPHY - \u30b6\u30fb\u30d5\u30a3\u30eb\u30cf\u30fc\u30e2\u30cb\u30af\u30b9 | The Philharmonics - UNIVERSAL MUSIC JAPAN\" \/>\n<meta property=\"og:description\" content=\"\u30d5\u30a3\u30eb\u30cf\u30fc\u30e2\u30cb\u30af\u30b9 \/ PHILHARMONIX \u30d5\u30a3\u30eb\u30cf\u30fc\u30e2\u30cb\u30af\u30b9\u306f\u3001\u97f3\u697d\u306e\u559c\u3073\u304c\u3059\u3079\u3066\u3067\u3059\u3002 \u5f7c\u3089\u81ea\u8eab\u306b\u3068\u3063\u3066\u3082\u3001\u305d\u3057\u3066\u8074\u8846\u306e\u7686\u69d8\u306b\u3068\u3063\u3066\u3082 \u5f7c\u3089\u304c\u8d85\u7d76\u6280\u5de7\u3092\u99c6\u4f7f\u3057\u305f\u97f3\u697d\u3092\u594f\u3067\u308b\u6642\u3001\u6700\u3082\u697d\u3057\u3093\u3067\u3044\u308b\u306e\u306f\u3001\u3044\u3063\u305f\u3044\u8ab0\u3067 [&hellip;]\" \/>\n<meta property=\"og:url\" content=\"https:\/\/www.universal-music.co.jp\/the-philharmonics\/biography\/\" \/>\n<meta property=\"og:site_name\" content=\"\u30b6\u30fb\u30d5\u30a3\u30eb\u30cf\u30fc\u30e2\u30cb\u30af\u30b9\" \/>\n<meta property=\"article:modified_time\" content=\"2020-09-25T07:33:59+00:00\" \/>\n<meta property=\"og:image\" content=\"https:\/\/www.universal-music.co.jp\/the-philharmonics\/wp-content\/uploads\/sites\/1230\/2015\/12\/bio.jpg\" \/>\n\t<meta property=\"og:image:width\" content=\"500\" \/>\n\t<meta property=\"og:image:height\" content=\"333\" \/>\n\t<meta property=\"og:image:type\" content=\"image\/jpeg\" \/>\n<meta name=\"twitter:card\" content=\"summary_large_image\" \/>\n<meta name=\"twitter:image\" content=\"https:\/\/www.universal-music.co.jp\/the-philharmonics\/wp-content\/uploads\/sites\/1230\/2015\/12\/bio.jpg\" \/>\n<script type=\"application\/ld+json\" class=\"yoast-schema-graph\">{\"@context\":\"https:\/\/schema.org\",\"@graph\":[{\"@type\":\"WebPage\",\"@id\":\"https:\/\/www.universal-music.co.jp\/the-philharmonics\/biography\/\",\"url\":\"https:\/\/www.universal-music.co.jp\/the-philharmonics\/biography\/\",\"name\":\"BIOGRAPHY - \u30b6\u30fb\u30d5\u30a3\u30eb\u30cf\u30fc\u30e2\u30cb\u30af\u30b9 | The Philharmonics - UNIVERSAL MUSIC JAPAN\",\"isPartOf\":{\"@id\":\"https:\/\/www.universal-music.co.jp\/the-philharmonics\/#website\"},\"primaryImageOfPage\":{\"@id\":\"https:\/\/www.universal-music.co.jp\/the-philharmonics\/biography\/#primaryimage\"},\"image\":{\"@id\":\"https:\/\/www.universal-music.co.jp\/the-philharmonics\/biography\/#primaryimage\"},\"thumbnailUrl\":\"https:\/\/www.universal-music.co.jp\/the-philharmonics\/wp-content\/uploads\/sites\/1230\/2015\/12\/bio.jpg\",\"datePublished\":\"2015-12-25T05:22:29+00:00\",\"dateModified\":\"2020-09-25T07:33:59+00:00\",\"breadcrumb\":{\"@id\":\"https:\/\/www.universal-music.co.jp\/the-philharmonics\/biography\/#breadcrumb\"},\"inLanguage\":\"ja\",\"potentialAction\":[{\"@type\":\"ReadAction\",\"target\":[\"https:\/\/www.universal-music.co.jp\/the-philharmonics\/biography\/\"]}]},{\"@type\":\"ImageObject\",\"inLanguage\":\"ja\",\"@id\":\"https:\/\/www.universal-music.co.jp\/the-philharmonics\/biography\/#primaryimage\",\"url\":\"https:\/\/www.universal-music.co.jp\/the-philharmonics\/wp-content\/uploads\/sites\/1230\/2015\/12\/bio.jpg\",\"contentUrl\":\"https:\/\/www.universal-music.co.jp\/the-philharmonics\/wp-content\/uploads\/sites\/1230\/2015\/12\/bio.jpg\",\"width\":500,\"height\":333},{\"@type\":\"BreadcrumbList\",\"@id\":\"https:\/\/www.universal-music.co.jp\/the-philharmonics\/biography\/#breadcrumb\",\"itemListElement\":[{\"@type\":\"ListItem\",\"position\":1,\"name\":\"Home\",\"item\":\"https:\/\/www.universal-music.co.jp\/the-philharmonics\/\"},{\"@type\":\"ListItem\",\"position\":2,\"name\":\"BIOGRAPHY\"}]},{\"@type\":\"WebSite\",\"@id\":\"https:\/\/www.universal-music.co.jp\/the-philharmonics\/#website\",\"url\":\"https:\/\/www.universal-music.co.jp\/the-philharmonics\/\",\"name\":\"\u30b6\u30fb\u30d5\u30a3\u30eb\u30cf\u30fc\u30e2\u30cb\u30af\u30b9\",\"description\":\"\",\"potentialAction\":[{\"@type\":\"SearchAction\",\"target\":{\"@type\":\"EntryPoint\",\"urlTemplate\":\"https:\/\/www.universal-music.co.jp\/search\/?q={search_term_string}\"},\"query-input\":{\"@type\":\"PropertyValueSpecification\",\"valueRequired\":true,\"valueName\":\"search_term_string\"}}],\"inLanguage\":\"ja\"}]}<\/script>\n<!-- \/ Yoast SEO plugin. -->","yoast_head_json":{"title":"BIOGRAPHY - \u30b6\u30fb\u30d5\u30a3\u30eb\u30cf\u30fc\u30e2\u30cb\u30af\u30b9 | The Philharmonics - UNIVERSAL MUSIC JAPAN","robots":{"index":"index","follow":"follow","max-snippet":"max-snippet:-1","max-image-preview":"max-image-preview:large","max-video-preview":"max-video-preview:-1"},"canonical":"https:\/\/www.universal-music.co.jp\/the-philharmonics\/biography\/","og_locale":"ja_JP","og_type":"band","og_title":"BIOGRAPHY - \u30b6\u30fb\u30d5\u30a3\u30eb\u30cf\u30fc\u30e2\u30cb\u30af\u30b9 | The Philharmonics - UNIVERSAL MUSIC JAPAN","og_description":"\u30d5\u30a3\u30eb\u30cf\u30fc\u30e2\u30cb\u30af\u30b9 \/ PHILHARMONIX \u30d5\u30a3\u30eb\u30cf\u30fc\u30e2\u30cb\u30af\u30b9\u306f\u3001\u97f3\u697d\u306e\u559c\u3073\u304c\u3059\u3079\u3066\u3067\u3059\u3002 \u5f7c\u3089\u81ea\u8eab\u306b\u3068\u3063\u3066\u3082\u3001\u305d\u3057\u3066\u8074\u8846\u306e\u7686\u69d8\u306b\u3068\u3063\u3066\u3082 \u5f7c\u3089\u304c\u8d85\u7d76\u6280\u5de7\u3092\u99c6\u4f7f\u3057\u305f\u97f3\u697d\u3092\u594f\u3067\u308b\u6642\u3001\u6700\u3082\u697d\u3057\u3093\u3067\u3044\u308b\u306e\u306f\u3001\u3044\u3063\u305f\u3044\u8ab0\u3067 [&hellip;]","og_url":"https:\/\/www.universal-music.co.jp\/the-philharmonics\/biography\/","og_site_name":"\u30b6\u30fb\u30d5\u30a3\u30eb\u30cf\u30fc\u30e2\u30cb\u30af\u30b9","article_modified_time":"2020-09-25T07:33:59+00:00","og_image":[{"width":500,"height":333,"url":"https:\/\/www.universal-music.co.jp\/the-philharmonics\/wp-content\/uploads\/sites\/1230\/2015\/12\/bio.jpg","type":"image\/jpeg"}],"twitter_card":"summary_large_image","twitter_image":"https:\/\/www.universal-music.co.jp\/the-philharmonics\/wp-content\/uploads\/sites\/1230\/2015\/12\/bio.jpg","schema":{"@context":"https:\/\/schema.org","@graph":[{"@type":"WebPage","@id":"https:\/\/www.universal-music.co.jp\/the-philharmonics\/biography\/","url":"https:\/\/www.universal-music.co.jp\/the-philharmonics\/biography\/","name":"BIOGRAPHY - \u30b6\u30fb\u30d5\u30a3\u30eb\u30cf\u30fc\u30e2\u30cb\u30af\u30b9 | The Philharmonics - UNIVERSAL MUSIC JAPAN","isPartOf":{"@id":"https:\/\/www.universal-music.co.jp\/the-philharmonics\/#website"},"primaryImageOfPage":{"@id":"https:\/\/www.universal-music.co.jp\/the-philharmonics\/biography\/#primaryimage"},"image":{"@id":"https:\/\/www.universal-music.co.jp\/the-philharmonics\/biography\/#primaryimage"},"thumbnailUrl":"https:\/\/www.universal-music.co.jp\/the-philharmonics\/wp-content\/uploads\/sites\/1230\/2015\/12\/bio.jpg","datePublished":"2015-12-25T05:22:29+00:00","dateModified":"2020-09-25T07:33:59+00:00","breadcrumb":{"@id":"https:\/\/www.universal-music.co.jp\/the-philharmonics\/biography\/#breadcrumb"},"inLanguage":"ja","potentialAction":[{"@type":"ReadAction","target":["https:\/\/www.universal-music.co.jp\/the-philharmonics\/biography\/"]}]},{"@type":"ImageObject","inLanguage":"ja","@id":"https:\/\/www.universal-music.co.jp\/the-philharmonics\/biography\/#primaryimage","url":"https:\/\/www.universal-music.co.jp\/the-philharmonics\/wp-content\/uploads\/sites\/1230\/2015\/12\/bio.jpg","contentUrl":"https:\/\/www.universal-music.co.jp\/the-philharmonics\/wp-content\/uploads\/sites\/1230\/2015\/12\/bio.jpg","width":500,"height":333},{"@type":"BreadcrumbList","@id":"https:\/\/www.universal-music.co.jp\/the-philharmonics\/biography\/#breadcrumb","itemListElement":[{"@type":"ListItem","position":1,"name":"Home","item":"https:\/\/www.universal-music.co.jp\/the-philharmonics\/"},{"@type":"ListItem","position":2,"name":"BIOGRAPHY"}]},{"@type":"WebSite","@id":"https:\/\/www.universal-music.co.jp\/the-philharmonics\/#website","url":"https:\/\/www.universal-music.co.jp\/the-philharmonics\/","name":"\u30b6\u30fb\u30d5\u30a3\u30eb\u30cf\u30fc\u30e2\u30cb\u30af\u30b9","description":"","potentialAction":[{"@type":"SearchAction","target":{"@type":"EntryPoint","urlTemplate":"https:\/\/www.universal-music.co.jp\/search\/?q={search_term_string}"},"query-input":{"@type":"PropertyValueSpecification","valueRequired":true,"valueName":"search_term_string"}}],"inLanguage":"ja"}]}},"_links":{"self":[{"href":"https:\/\/www.universal-music.co.jp\/the-philharmonics\/wp-json\/wp\/v2\/pages\/3","targetHints":{"allow":["GET"]}}],"collection":[{"href":"https:\/\/www.universal-music.co.jp\/the-philharmonics\/wp-json\/wp\/v2\/pages"}],"about":[{"href":"https:\/\/www.universal-music.co.jp\/the-philharmonics\/wp-json\/wp\/v2\/types\/page"}],"author":[{"embeddable":true,"href":"https:\/\/www.universal-music.co.jp\/the-philharmonics\/wp-json\/wp\/v2\/users\/47"}],"replies":[{"embeddable":true,"href":"https:\/\/www.universal-music.co.jp\/the-philharmonics\/wp-json\/wp\/v2\/comments?post=3"}],"version-history":[{"count":0,"href":"https:\/\/www.universal-music.co.jp\/the-philharmonics\/wp-json\/wp\/v2\/pages\/3\/revisions"}],"wp:featuredmedia":[{"embeddable":true,"href":"https:\/\/www.universal-music.co.jp\/the-philharmonics\/wp-json\/wp\/v2\/media\/69"}],"wp:attachment":[{"href":"https:\/\/www.universal-music.co.jp\/the-philharmonics\/wp-json\/wp\/v2\/media?parent=3"}],"curies":[{"name":"wp","href":"https:\/\/api.w.org\/{rel}","templated":true}]}}