{"id":6411,"date":"2023-06-26T14:32:22","date_gmt":"2023-06-26T05:32:22","guid":{"rendered":"https:\/\/www.universal-music.co.jp\/disneymusic\/?page_id=6411"},"modified":"2023-08-04T14:42:33","modified_gmt":"2023-08-04T05:42:33","slug":"movie","status":"publish","type":"page","link":"https:\/\/www.universal-music.co.jp\/disneymusic\/myelement\/cat\/movie\/","title":{"rendered":"\u52d5\u753b\u30fb\u4e88\u544a\u7de8"},"content":{"rendered":"<div class=\"my\">\n<h3>\u300cSteal The Show\u300d\u00a0performed by\u00a0\u30e9\u30a6\u30f4 \u30df\u30e5\u30fc\u30b8\u30c3\u30af\u30fb\u30d3\u30c7\u30aa<\/h3>\n<p><iframe loading=\"lazy\" title=\"Lauv - Steal The Show (From &quot;Elemental&quot;)\" width=\"500\" height=\"281\" src=\"https:\/\/www.youtube.com\/embed\/DwuJeGYlYyw?feature=oembed\" frameborder=\"0\" allow=\"accelerometer; autoplay; clipboard-write; encrypted-media; gyroscope; picture-in-picture; web-share\" referrerpolicy=\"strict-origin-when-cross-origin\" allowfullscreen><\/iframe><\/p>\n<h3>\u300c\u30de\u30a4\u30fb\u30a8\u30ec\u30e1\u30f3\u30c8\u300d\u30df\u30e5\u30fc\u30b8\u30c3\u30af\u30af\u30ea\u30c3\u30d7\uff5c\u65e5\u672c\u7248\u30a8\u30f3\u30c9\u30bd\u30f3\u30b0\u300c\u3084\u3055\u3057\u3044\u6c17\u6301\u3061\u3067\uff08\u30de\u30a4\u30fb\u30a8\u30ec\u30e1\u30f3\u30c8ver.\uff09\u300dperformed by Superfly<\/h3>\n<p>https:\/\/www.youtube.com\/watch?v=HZu-YNEmnQ8<\/p>\n<h3>Superfly - \u3084\u3055\u3057\u3044\u6c17\u6301\u3061\u3067 (\u30de\u30a4\u30fb\u30a8\u30ec\u30e1\u30f3\u30c8ver.)\u3000\u30aa\u30fc\u30c7\u30a3\u30aa\u30fb\u30d3\u30c7\u30aa<\/h3>\n<p><iframe loading=\"lazy\" title=\"Superfly - \u3084\u3055\u3057\u3044\u6c17\u6301\u3061\u3067 (\u30de\u30a4\u30fb\u30a8\u30ec\u30e1\u30f3\u30c8ver.)\" width=\"500\" height=\"281\" src=\"https:\/\/www.youtube.com\/embed\/-ilkPvqgwAg?feature=oembed\" frameborder=\"0\" allow=\"accelerometer; autoplay; clipboard-write; encrypted-media; gyroscope; picture-in-picture; web-share\" referrerpolicy=\"strict-origin-when-cross-origin\" allowfullscreen><\/iframe><\/p>\n<h3>\u30df\u30e5\u30fc\u30b8\u30c3\u30af\u30fb\u30d3\u30c7\u30aa\uff1aLauv - Steal The Show (From &#8220;Elemental&#8221;)<\/h3>\n<p><iframe loading=\"lazy\" title=\"Lauv - Steal The Show (From &quot;Elemental&quot;)\" width=\"500\" height=\"281\" src=\"https:\/\/www.youtube.com\/embed\/DwuJeGYlYyw?feature=oembed\" frameborder=\"0\" allow=\"accelerometer; autoplay; clipboard-write; encrypted-media; gyroscope; picture-in-picture; web-share\" referrerpolicy=\"strict-origin-when-cross-origin\" allowfullscreen><\/iframe><\/p>\n<h3>\u30df\u30e5\u30fc\u30b8\u30c3\u30af\u30fb\u30d3\u30c7\u30aa\uff1aThomas Newmam - \u30a8\u30ec\u30e1\u30f3\u30c8\u30fb\u30b7\u30c6\u30a3\u3078<\/h3>\n<p><iframe loading=\"lazy\" title=\"Thomas Newman - Stop Wade! (From &quot;Elemental&quot;)\" width=\"500\" height=\"281\" src=\"https:\/\/www.youtube.com\/embed\/9mIedwAiQgk?feature=oembed\" frameborder=\"0\" allow=\"accelerometer; autoplay; clipboard-write; encrypted-media; gyroscope; picture-in-picture; web-share\" referrerpolicy=\"strict-origin-when-cross-origin\" allowfullscreen><\/iframe><\/p>\n<h3>\u30df\u30e5\u30fc\u30b8\u30c3\u30af\u30fb\u30d3\u30c7\u30aa\uff1aThomas Newmam - \u30b7\u30e3\u30b7\u30e3\u30ea\u30fc\u30b7\u30e3<\/h3>\n<p><iframe loading=\"lazy\" title=\"Thomas Newman - Sh\u00e1sh\u00e0 r \u00edsh\u00e0 (From &quot;Elemental&quot;)\" width=\"500\" height=\"281\" src=\"https:\/\/www.youtube.com\/embed\/PYFZLkR2lnY?feature=oembed\" frameborder=\"0\" allow=\"accelerometer; autoplay; clipboard-write; encrypted-media; gyroscope; picture-in-picture; web-share\" referrerpolicy=\"strict-origin-when-cross-origin\" allowfullscreen><\/iframe><\/p>\n<h3>\u30e9\u30a4\u30d6\u30fb\u30d1\u30d5\u30a9\u30fc\u30de\u30f3\u30b9\uff1aLauv - Steal The Show (From Disney and Pixar&#8217;s &#8220;Elemental&#8221;) (Live Performance) | Vevo<\/h3>\n<p><iframe loading=\"lazy\" title=\"Lauv - Steal The Show (From Disney and Pixar&#039;s &quot;Elemental&quot;) (Live Performance | Vevo)\" width=\"500\" height=\"281\" src=\"https:\/\/www.youtube.com\/embed\/s5qfoX8AVsw?feature=oembed\" frameborder=\"0\" allow=\"accelerometer; autoplay; clipboard-write; encrypted-media; gyroscope; picture-in-picture; web-share\" referrerpolicy=\"strict-origin-when-cross-origin\" allowfullscreen><\/iframe><\/p>\n<h3>\u30aa\u30fc\u30c7\u30a3\u30aa\u30fb\u30d3\u30c7\u30aa\uff1aLauv - Steal The Show (From &#8220;Elemental&#8221;\/Official Audio)<\/h3>\n<p><iframe loading=\"lazy\" title=\"Lauv - Steal The Show (From &quot;Elemental&quot;\/Official Audio)\" width=\"500\" height=\"281\" src=\"https:\/\/www.youtube.com\/embed\/q7BmlOUk-II?feature=oembed\" frameborder=\"0\" allow=\"accelerometer; autoplay; clipboard-write; encrypted-media; gyroscope; picture-in-picture; web-share\" referrerpolicy=\"strict-origin-when-cross-origin\" allowfullscreen><\/iframe><\/p>\n<h3>\u30ea\u30ea\u30c3\u30af\u30fb\u30d3\u30c7\u30aa\uff1aLauv - Steal The Show (From &#8220;Elemental&#8221;\/Lyric Video)<\/h3>\n<p><iframe loading=\"lazy\" title=\"Lauv - Steal The Show (From &quot;Elemental&quot;\/Lyric Video)\" width=\"500\" height=\"281\" src=\"https:\/\/www.youtube.com\/embed\/5Tz66MJvuck?feature=oembed\" frameborder=\"0\" allow=\"accelerometer; autoplay; clipboard-write; encrypted-media; gyroscope; picture-in-picture; web-share\" referrerpolicy=\"strict-origin-when-cross-origin\" allowfullscreen><\/iframe><\/p>\n<h3>\u300c\u30de\u30a4\u30fb\u30a8\u30ec\u30e1\u30f3\u30c8\u300d\u65e5\u672c\u7248\u672c\u4e88\u544a<\/h3>\n<p>https:\/\/youtu.be\/IcmRFGG6pac<\/p>\n<h3>\u300c\u30de\u30a4\u30fb\u30a8\u30ec\u30e1\u30f3\u30c8\u300d\u65e5\u672c\u7248\u7279\u58312<\/h3>\n<p>https:\/\/youtu.be\/TvgZzt01Zt4<\/p>\n<h3>\u300c\u30de\u30a4\u30fb\u30a8\u30ec\u30e1\u30f3\u30c8\u300d\u65e5\u672c\u7248\u7279\u5831<\/h3>\n<p>https:\/\/youtu.be\/Xhad2-bcjGo<\/p>\n<\/div>\n<style type=\"text\/css\">\n<!-- \n.my {\nfont-size:1.1em;\n}\n.my .catch {\nfont-size:1.15em;\ncolor:#eb5d5d;\nline-height:1.7em;\nfont-weight:bold;\n}\n.my h3 {\nfont-size:1.1em;\ncolor:#FFF;\npadding:10px;\nmargin:2em 0 1em;\nbackground:#f1975f;\n}\n\n-->\n<\/style>\n<p>\u00a0<\/p>\n","protected":false},"excerpt":{"rendered":"<p>\u300cSteal The Show\u300d\u00a0performed by\u00a0\u30e9\u30a6\u30f4 \u30df\u30e5\u30fc\u30b8\u30c3\u30af\u30fb\u30d3\u30c7\u30aa \u300c\u30de\u30a4\u30fb\u30a8\u30ec\u30e1\u30f3\u30c8\u300d\u30df\u30e5\u30fc\u30b8\u30c3\u30af\u30af\u30ea\u30c3\u30d7\uff5c\u65e5\u672c\u7248\u30a8\u30f3\u30c9\u30bd\u30f3\u30b0\u300c\u3084\u3055\u3057\u3044\u6c17\u6301\u3061\u3067\uff08\u30de\u30a4\u30fb\u30a8\u30ec\u30e1\u30f3\u30c8ver.\uff09\u300dperformed b [&hellip;]<\/p>\n","protected":false},"author":47,"featured_media":0,"parent":6403,"menu_order":1,"comment_status":"closed","ping_status":"closed","template":"template-subgenre-tab.php","meta":{"_acf_changed":false,"footnotes":""},"class_list":["post-6411","page","type-page","status-publish","hentry"],"acf":[],"_links":{"self":[{"href":"https:\/\/www.universal-music.co.jp\/disneymusic\/wp-json\/wp\/v2\/pages\/6411","targetHints":{"allow":["GET"]}}],"collection":[{"href":"https:\/\/www.universal-music.co.jp\/disneymusic\/wp-json\/wp\/v2\/pages"}],"about":[{"href":"https:\/\/www.universal-music.co.jp\/disneymusic\/wp-json\/wp\/v2\/types\/page"}],"author":[{"embeddable":true,"href":"https:\/\/www.universal-music.co.jp\/disneymusic\/wp-json\/wp\/v2\/users\/47"}],"replies":[{"embeddable":true,"href":"https:\/\/www.universal-music.co.jp\/disneymusic\/wp-json\/wp\/v2\/comments?post=6411"}],"version-history":[{"count":0,"href":"https:\/\/www.universal-music.co.jp\/disneymusic\/wp-json\/wp\/v2\/pages\/6411\/revisions"}],"up":[{"embeddable":true,"href":"https:\/\/www.universal-music.co.jp\/disneymusic\/wp-json\/wp\/v2\/pages\/6403"}],"wp:attachment":[{"href":"https:\/\/www.universal-music.co.jp\/disneymusic\/wp-json\/wp\/v2\/media?parent=6411"}],"curies":[{"name":"wp","href":"https:\/\/api.w.org\/{rel}","templated":true}]}}